{"id":132,"date":"2022-01-07T14:07:05","date_gmt":"2022-01-07T13:07:05","guid":{"rendered":"https:\/\/e-monsite.int34.fr\/home\/"},"modified":"2022-01-27T13:12:31","modified_gmt":"2022-01-27T12:12:31","slug":"mentions-legales","status":"publish","type":"page","link":"https:\/\/int34.ddns.net\/habitat\/mentions-legales\/","title":{"rendered":"Mentions l\u00e9gales"},"content":{"rendered":"\n\n\n\n<h1 style=\"color: #333;\">Mentions l\u00e9gales<\/h1>\n<p>&nbsp;<\/p>\n<p>Conform\u00e9ment aux dispositions de la loi n\u00b0 2004-575 du 21 juin 2004 pour la confiance en l\u2019\u00e9conomie num\u00e9rique, il est pr\u00e9cis\u00e9 aux utilisateurs du site <a style=\"\" href=\"https:\/\/habitat-ecologique.int34.fr\"><u>https:\/\/habitat-ecologique.int34.fr<\/u><\/a> l\u2019identit\u00e9 des diff\u00e9rents intervenants dans le cadre de sa r\u00e9alisation et de son suivi.<\/p>\n<p><span style=\"font-size: 16px; \"><strong>\u00c9diteur:<\/strong><br \/>Le site <a style=\"\" href=\"https:\/\/habitat-ecologique.int34.fr\"><u>https:\/\/habitat-ecologique.int34.fr<\/u><\/a> est \u00e9dit\u00e9 par  Andr\u00e9 STUCKY, 2 ALL\u00c9E DES LUCIOLES, 62630 \u00c9TAPLES.<\/p>\n<p><span style=\"font-size: 16px; \"><strong>H\u00e9bergeur:<\/strong><br \/>Le site est h\u00e9berg\u00e9 par la soci\u00e9t\u00e9 LWS (Ligne Web Services)<br \/>Adresse : 10 rue Penthi\u00e8vre \u2013 75008 Paris \u2013 FRANCE<\/p>\n\n\n\n<p><span style=\"font-size: 16px; \"><strong>Contact:<\/strong><br \/>info@habitat-ecologique.fr<\/p>\n<p><br \/><span style=\"font-size: 16px; \"><strong>Autres mentions l\u00e9gales:<\/strong><br \/>Les HABITATS<br \/>SARL au capital de 32000 EUR<br \/>RCS Boulogne sur mer<br \/>SIRET 50470301800045<br \/>Identifiant fiscal FR79504703018<\/p>\n<p>Ce site internet a \u00e9t\u00e9 r\u00e9alis\u00e9 en utilisant la solution open-source <a style=\"\" href=\"https:\/\/wordpress.com\/fr\/\"><u>WordPress<\/u><\/a>\u2122 .<\/p>\n\n\n","protected":false},"excerpt":{"rendered":"","protected":false},"author":1,"featured_media":0,"parent":0,"menu_order":0,"comment_status":"closed","ping_status":"closed","template":"","meta":{"pagelayer_contact_templates":[],"_pagelayer_content":"","footnotes":""},"class_list":["post-132","page","type-page","status-publish","hentry"],"yoast_head":"<!-- This site is optimized with the Yoast SEO plugin v27.3 - https:\/\/yoast.com\/product\/yoast-seo-wordpress\/ -->\r\n<title>Mentions l\u00e9gales - Infradesign l&#039;infrarouge long design<\/title>\r\n<meta name=\"robots\" content=\"index, follow, max-snippet:-1, max-image-preview:large, max-video-preview:-1\" \/>\r\n<link rel=\"canonical\" href=\"https:\/\/int34.ddns.net\/habitat\/mentions-legales\/\" \/>\r\n<meta property=\"og:locale\" content=\"fr_FR\" \/>\r\n<meta property=\"og:type\" content=\"article\" \/>\r\n<meta property=\"og:title\" content=\"Mentions l\u00e9gales - Infradesign l&#039;infrarouge long design\" \/>\r\n<meta property=\"og:url\" content=\"https:\/\/int34.ddns.net\/habitat\/mentions-legales\/\" \/>\r\n<meta property=\"og:site_name\" content=\"Infradesign l&#039;infrarouge long design\" \/>\r\n<meta property=\"article:modified_time\" content=\"2022-01-27T12:12:31+00:00\" \/>\r\n<meta name=\"twitter:card\" content=\"summary_large_image\" \/>\r\n<meta name=\"twitter:label1\" content=\"Dur\u00e9e de lecture estim\u00e9e\" \/>\n\t<meta name=\"twitter:data1\" content=\"1 minute\" \/>\r\n<script type=\"application\/ld+json\" class=\"yoast-schema-graph\">{\"@context\":\"https:\\\/\\\/schema.org\",\"@graph\":[{\"@type\":\"WebPage\",\"@id\":\"https:\\\/\\\/int34.ddns.net\\\/habitat\\\/mentions-legales\\\/\",\"url\":\"https:\\\/\\\/int34.ddns.net\\\/habitat\\\/mentions-legales\\\/\",\"name\":\"Mentions l\u00e9gales - Infradesign l&#039;infrarouge long design\",\"isPartOf\":{\"@id\":\"https:\\\/\\\/int34.ddns.net\\\/habitat\\\/#website\"},\"datePublished\":\"2022-01-07T13:07:05+00:00\",\"dateModified\":\"2022-01-27T12:12:31+00:00\",\"breadcrumb\":{\"@id\":\"https:\\\/\\\/int34.ddns.net\\\/habitat\\\/mentions-legales\\\/#breadcrumb\"},\"inLanguage\":\"fr-FR\",\"potentialAction\":[{\"@type\":\"ReadAction\",\"target\":[\"https:\\\/\\\/int34.ddns.net\\\/habitat\\\/mentions-legales\\\/\"]}]},{\"@type\":\"BreadcrumbList\",\"@id\":\"https:\\\/\\\/int34.ddns.net\\\/habitat\\\/mentions-legales\\\/#breadcrumb\",\"itemListElement\":[{\"@type\":\"ListItem\",\"position\":1,\"name\":\"Accueil\",\"item\":\"https:\\\/\\\/int34.ddns.net\\\/habitat\\\/\"},{\"@type\":\"ListItem\",\"position\":2,\"name\":\"Mentions l\u00e9gales\"}]},{\"@type\":\"WebSite\",\"@id\":\"https:\\\/\\\/int34.ddns.net\\\/habitat\\\/#website\",\"url\":\"https:\\\/\\\/int34.ddns.net\\\/habitat\\\/\",\"name\":\"Infradesign l&#039;infrarouge long design\",\"description\":\"L&#039;expert de l&#039;infrarouge long, chauffage infrarouges\",\"publisher\":{\"@id\":\"https:\\\/\\\/int34.ddns.net\\\/habitat\\\/#organization\"},\"potentialAction\":[{\"@type\":\"SearchAction\",\"target\":{\"@type\":\"EntryPoint\",\"urlTemplate\":\"https:\\\/\\\/int34.ddns.net\\\/habitat\\\/?s={search_term_string}\"},\"query-input\":{\"@type\":\"PropertyValueSpecification\",\"valueRequired\":true,\"valueName\":\"search_term_string\"}}],\"inLanguage\":\"fr-FR\"},{\"@type\":\"Organization\",\"@id\":\"https:\\\/\\\/int34.ddns.net\\\/habitat\\\/#organization\",\"name\":\"LH Diffusion - Les Habitats\",\"url\":\"https:\\\/\\\/int34.ddns.net\\\/habitat\\\/\",\"logo\":{\"@type\":\"ImageObject\",\"inLanguage\":\"fr-FR\",\"@id\":\"https:\\\/\\\/int34.ddns.net\\\/habitat\\\/#\\\/schema\\\/logo\\\/image\\\/\",\"url\":\"https:\\\/\\\/habitat-ecologique.int34.fr\\\/wp-content\\\/uploads\\\/2022\\\/01\\\/logo.png\",\"contentUrl\":\"https:\\\/\\\/habitat-ecologique.int34.fr\\\/wp-content\\\/uploads\\\/2022\\\/01\\\/logo.png\",\"width\":380,\"height\":115,\"caption\":\"LH Diffusion - Les Habitats\"},\"image\":{\"@id\":\"https:\\\/\\\/int34.ddns.net\\\/habitat\\\/#\\\/schema\\\/logo\\\/image\\\/\"}}]}<\/script>\r\n<!-- \/ Yoast SEO plugin. -->","yoast_head_json":{"title":"Mentions l\u00e9gales - Infradesign l&#039;infrarouge long design","robots":{"index":"index","follow":"follow","max-snippet":"max-snippet:-1","max-image-preview":"max-image-preview:large","max-video-preview":"max-video-preview:-1"},"canonical":"https:\/\/int34.ddns.net\/habitat\/mentions-legales\/","og_locale":"fr_FR","og_type":"article","og_title":"Mentions l\u00e9gales - Infradesign l&#039;infrarouge long design","og_url":"https:\/\/int34.ddns.net\/habitat\/mentions-legales\/","og_site_name":"Infradesign l&#039;infrarouge long design","article_modified_time":"2022-01-27T12:12:31+00:00","twitter_card":"summary_large_image","twitter_misc":{"Dur\u00e9e de lecture estim\u00e9e":"1 minute"},"schema":{"@context":"https:\/\/schema.org","@graph":[{"@type":"WebPage","@id":"https:\/\/int34.ddns.net\/habitat\/mentions-legales\/","url":"https:\/\/int34.ddns.net\/habitat\/mentions-legales\/","name":"Mentions l\u00e9gales - Infradesign l&#039;infrarouge long design","isPartOf":{"@id":"https:\/\/int34.ddns.net\/habitat\/#website"},"datePublished":"2022-01-07T13:07:05+00:00","dateModified":"2022-01-27T12:12:31+00:00","breadcrumb":{"@id":"https:\/\/int34.ddns.net\/habitat\/mentions-legales\/#breadcrumb"},"inLanguage":"fr-FR","potentialAction":[{"@type":"ReadAction","target":["https:\/\/int34.ddns.net\/habitat\/mentions-legales\/"]}]},{"@type":"BreadcrumbList","@id":"https:\/\/int34.ddns.net\/habitat\/mentions-legales\/#breadcrumb","itemListElement":[{"@type":"ListItem","position":1,"name":"Accueil","item":"https:\/\/int34.ddns.net\/habitat\/"},{"@type":"ListItem","position":2,"name":"Mentions l\u00e9gales"}]},{"@type":"WebSite","@id":"https:\/\/int34.ddns.net\/habitat\/#website","url":"https:\/\/int34.ddns.net\/habitat\/","name":"Infradesign l&#039;infrarouge long design","description":"L&#039;expert de l&#039;infrarouge long, chauffage infrarouges","publisher":{"@id":"https:\/\/int34.ddns.net\/habitat\/#organization"},"potentialAction":[{"@type":"SearchAction","target":{"@type":"EntryPoint","urlTemplate":"https:\/\/int34.ddns.net\/habitat\/?s={search_term_string}"},"query-input":{"@type":"PropertyValueSpecification","valueRequired":true,"valueName":"search_term_string"}}],"inLanguage":"fr-FR"},{"@type":"Organization","@id":"https:\/\/int34.ddns.net\/habitat\/#organization","name":"LH Diffusion - Les Habitats","url":"https:\/\/int34.ddns.net\/habitat\/","logo":{"@type":"ImageObject","inLanguage":"fr-FR","@id":"https:\/\/int34.ddns.net\/habitat\/#\/schema\/logo\/image\/","url":"https:\/\/habitat-ecologique.int34.fr\/wp-content\/uploads\/2022\/01\/logo.png","contentUrl":"https:\/\/habitat-ecologique.int34.fr\/wp-content\/uploads\/2022\/01\/logo.png","width":380,"height":115,"caption":"LH Diffusion - Les Habitats"},"image":{"@id":"https:\/\/int34.ddns.net\/habitat\/#\/schema\/logo\/image\/"}}]}},"_links":{"self":[{"href":"https:\/\/int34.ddns.net\/habitat\/wp-json\/wp\/v2\/pages\/132","targetHints":{"allow":["GET"]}}],"collection":[{"href":"https:\/\/int34.ddns.net\/habitat\/wp-json\/wp\/v2\/pages"}],"about":[{"href":"https:\/\/int34.ddns.net\/habitat\/wp-json\/wp\/v2\/types\/page"}],"author":[{"embeddable":true,"href":"https:\/\/int34.ddns.net\/habitat\/wp-json\/wp\/v2\/users\/1"}],"replies":[{"embeddable":true,"href":"https:\/\/int34.ddns.net\/habitat\/wp-json\/wp\/v2\/comments?post=132"}],"version-history":[{"count":28,"href":"https:\/\/int34.ddns.net\/habitat\/wp-json\/wp\/v2\/pages\/132\/revisions"}],"predecessor-version":[{"id":1023,"href":"https:\/\/int34.ddns.net\/habitat\/wp-json\/wp\/v2\/pages\/132\/revisions\/1023"}],"wp:attachment":[{"href":"https:\/\/int34.ddns.net\/habitat\/wp-json\/wp\/v2\/media?parent=132"}],"curies":[{"name":"wp","href":"https:\/\/api.w.org\/{rel}","templated":true}]}}