{"id":26,"date":"2022-01-06T07:38:28","date_gmt":"2022-01-06T06:38:28","guid":{"rendered":"https:\/\/int34.fr\/e-monsite\/?page_id=26"},"modified":"2022-01-27T12:43:53","modified_gmt":"2022-01-27T11:43:53","slug":"a-propos","status":"publish","type":"page","link":"https:\/\/int34.ddns.net\/habitat\/a-propos\/","title":{"rendered":"\u00c0 propos"},"content":{"rendered":"\n\n\n\n\n\n<h1 style=\"color:#333\">\u00c0 propos<\/h1>\n\n\n\n<p style=\"font-weight: bold; font-size: 24px;  text-aligh:justify\">Notre societ\u00e9 est importateur de radiateurs infrarouges longs en verre, en epoxy ou en c\u00e9ramique, et leader sur le march\u00e9 depuis 13 ans.<\/p><br \/>\n<p style=\" font-weight: bold; font-size: 24px;  text-aligh:justify\">Tous nos radiateurs infrarouges longs sont certifi\u00e9 NF Electricit\u00e9 de Wolff &#038; Meier. Nos lampes infrarouge spectre complet contenant le rayonnement infrarouge court (A), moyen (B), et ondes longues (C), qui sont conseill\u00e9s par les dermatologue pour soigner le psoriasis, sont certifi\u00e9es, T\u00dcV, CE et par le laboratoire autrichien Seibersdorf.<\/p><br \/>\n<p style=\"font-weight: bold; font-size: 24px;  text-aligh:justify\">Nous vous proposons un conseil dans votre dimensionnement et le choix du chauffage infrarouge pour professionnels ou particuliers.<\/p><br \/>\n<p style=\"font-weight: bold; font-size: 24px;  text-aligh:justify\">Nous devons en ce moment limiter nos d\u00e9placements, nous cr\u00e9ons pour vous un int\u00e9rieur cosy et du bien-\u00eatre avec un sauna aux lampes spectre complet. Nous somme la r\u00e9f\u00e9rence dans la conception des saunas infrarouges de grande qualit\u00e9 depuis plus de 12 ans.\n<p>&nbsp;<\/p><p>&nbsp;<\/p><p>&nbsp;<\/p>\n\n\n\n\n\n\n","protected":false},"excerpt":{"rendered":"","protected":false},"author":1,"featured_media":0,"parent":0,"menu_order":0,"comment_status":"closed","ping_status":"closed","template":"","meta":{"pagelayer_contact_templates":[],"_pagelayer_content":"","footnotes":""},"class_list":["post-26","page","type-page","status-publish","hentry"],"yoast_head":"<!-- This site is optimized with the Yoast SEO plugin v27.3 - https:\/\/yoast.com\/product\/yoast-seo-wordpress\/ -->\r\n<title>\u00c0 propos - Infradesign l&#039;infrarouge long design<\/title>\r\n<meta name=\"robots\" content=\"index, follow, max-snippet:-1, max-image-preview:large, max-video-preview:-1\" \/>\r\n<link rel=\"canonical\" href=\"https:\/\/int34.ddns.net\/habitat\/a-propos\/\" \/>\r\n<meta property=\"og:locale\" content=\"fr_FR\" \/>\r\n<meta property=\"og:type\" content=\"article\" \/>\r\n<meta property=\"og:title\" content=\"\u00c0 propos - Infradesign l&#039;infrarouge long design\" \/>\r\n<meta property=\"og:url\" content=\"https:\/\/int34.ddns.net\/habitat\/a-propos\/\" \/>\r\n<meta property=\"og:site_name\" content=\"Infradesign l&#039;infrarouge long design\" \/>\r\n<meta property=\"article:modified_time\" content=\"2022-01-27T11:43:53+00:00\" \/>\r\n<meta name=\"twitter:card\" content=\"summary_large_image\" \/>\r\n<meta name=\"twitter:label1\" content=\"Dur\u00e9e de lecture estim\u00e9e\" \/>\n\t<meta name=\"twitter:data1\" content=\"1 minute\" \/>\r\n<script type=\"application\/ld+json\" class=\"yoast-schema-graph\">{\"@context\":\"https:\\\/\\\/schema.org\",\"@graph\":[{\"@type\":\"WebPage\",\"@id\":\"https:\\\/\\\/int34.ddns.net\\\/habitat\\\/a-propos\\\/\",\"url\":\"https:\\\/\\\/int34.ddns.net\\\/habitat\\\/a-propos\\\/\",\"name\":\"\u00c0 propos - Infradesign l&#039;infrarouge long design\",\"isPartOf\":{\"@id\":\"https:\\\/\\\/int34.ddns.net\\\/habitat\\\/#website\"},\"datePublished\":\"2022-01-06T06:38:28+00:00\",\"dateModified\":\"2022-01-27T11:43:53+00:00\",\"breadcrumb\":{\"@id\":\"https:\\\/\\\/int34.ddns.net\\\/habitat\\\/a-propos\\\/#breadcrumb\"},\"inLanguage\":\"fr-FR\",\"potentialAction\":[{\"@type\":\"ReadAction\",\"target\":[\"https:\\\/\\\/int34.ddns.net\\\/habitat\\\/a-propos\\\/\"]}]},{\"@type\":\"BreadcrumbList\",\"@id\":\"https:\\\/\\\/int34.ddns.net\\\/habitat\\\/a-propos\\\/#breadcrumb\",\"itemListElement\":[{\"@type\":\"ListItem\",\"position\":1,\"name\":\"Accueil\",\"item\":\"https:\\\/\\\/int34.ddns.net\\\/habitat\\\/\"},{\"@type\":\"ListItem\",\"position\":2,\"name\":\"\u00c0 propos\"}]},{\"@type\":\"WebSite\",\"@id\":\"https:\\\/\\\/int34.ddns.net\\\/habitat\\\/#website\",\"url\":\"https:\\\/\\\/int34.ddns.net\\\/habitat\\\/\",\"name\":\"Infradesign l&#039;infrarouge long design\",\"description\":\"L&#039;expert de l&#039;infrarouge long, chauffage infrarouges\",\"publisher\":{\"@id\":\"https:\\\/\\\/int34.ddns.net\\\/habitat\\\/#organization\"},\"potentialAction\":[{\"@type\":\"SearchAction\",\"target\":{\"@type\":\"EntryPoint\",\"urlTemplate\":\"https:\\\/\\\/int34.ddns.net\\\/habitat\\\/?s={search_term_string}\"},\"query-input\":{\"@type\":\"PropertyValueSpecification\",\"valueRequired\":true,\"valueName\":\"search_term_string\"}}],\"inLanguage\":\"fr-FR\"},{\"@type\":\"Organization\",\"@id\":\"https:\\\/\\\/int34.ddns.net\\\/habitat\\\/#organization\",\"name\":\"LH Diffusion - Les Habitats\",\"url\":\"https:\\\/\\\/int34.ddns.net\\\/habitat\\\/\",\"logo\":{\"@type\":\"ImageObject\",\"inLanguage\":\"fr-FR\",\"@id\":\"https:\\\/\\\/int34.ddns.net\\\/habitat\\\/#\\\/schema\\\/logo\\\/image\\\/\",\"url\":\"https:\\\/\\\/habitat-ecologique.int34.fr\\\/wp-content\\\/uploads\\\/2022\\\/01\\\/logo.png\",\"contentUrl\":\"https:\\\/\\\/habitat-ecologique.int34.fr\\\/wp-content\\\/uploads\\\/2022\\\/01\\\/logo.png\",\"width\":380,\"height\":115,\"caption\":\"LH Diffusion - Les Habitats\"},\"image\":{\"@id\":\"https:\\\/\\\/int34.ddns.net\\\/habitat\\\/#\\\/schema\\\/logo\\\/image\\\/\"}}]}<\/script>\r\n<!-- \/ Yoast SEO plugin. -->","yoast_head_json":{"title":"\u00c0 propos - Infradesign l&#039;infrarouge long design","robots":{"index":"index","follow":"follow","max-snippet":"max-snippet:-1","max-image-preview":"max-image-preview:large","max-video-preview":"max-video-preview:-1"},"canonical":"https:\/\/int34.ddns.net\/habitat\/a-propos\/","og_locale":"fr_FR","og_type":"article","og_title":"\u00c0 propos - Infradesign l&#039;infrarouge long design","og_url":"https:\/\/int34.ddns.net\/habitat\/a-propos\/","og_site_name":"Infradesign l&#039;infrarouge long design","article_modified_time":"2022-01-27T11:43:53+00:00","twitter_card":"summary_large_image","twitter_misc":{"Dur\u00e9e de lecture estim\u00e9e":"1 minute"},"schema":{"@context":"https:\/\/schema.org","@graph":[{"@type":"WebPage","@id":"https:\/\/int34.ddns.net\/habitat\/a-propos\/","url":"https:\/\/int34.ddns.net\/habitat\/a-propos\/","name":"\u00c0 propos - Infradesign l&#039;infrarouge long design","isPartOf":{"@id":"https:\/\/int34.ddns.net\/habitat\/#website"},"datePublished":"2022-01-06T06:38:28+00:00","dateModified":"2022-01-27T11:43:53+00:00","breadcrumb":{"@id":"https:\/\/int34.ddns.net\/habitat\/a-propos\/#breadcrumb"},"inLanguage":"fr-FR","potentialAction":[{"@type":"ReadAction","target":["https:\/\/int34.ddns.net\/habitat\/a-propos\/"]}]},{"@type":"BreadcrumbList","@id":"https:\/\/int34.ddns.net\/habitat\/a-propos\/#breadcrumb","itemListElement":[{"@type":"ListItem","position":1,"name":"Accueil","item":"https:\/\/int34.ddns.net\/habitat\/"},{"@type":"ListItem","position":2,"name":"\u00c0 propos"}]},{"@type":"WebSite","@id":"https:\/\/int34.ddns.net\/habitat\/#website","url":"https:\/\/int34.ddns.net\/habitat\/","name":"Infradesign l&#039;infrarouge long design","description":"L&#039;expert de l&#039;infrarouge long, chauffage infrarouges","publisher":{"@id":"https:\/\/int34.ddns.net\/habitat\/#organization"},"potentialAction":[{"@type":"SearchAction","target":{"@type":"EntryPoint","urlTemplate":"https:\/\/int34.ddns.net\/habitat\/?s={search_term_string}"},"query-input":{"@type":"PropertyValueSpecification","valueRequired":true,"valueName":"search_term_string"}}],"inLanguage":"fr-FR"},{"@type":"Organization","@id":"https:\/\/int34.ddns.net\/habitat\/#organization","name":"LH Diffusion - Les Habitats","url":"https:\/\/int34.ddns.net\/habitat\/","logo":{"@type":"ImageObject","inLanguage":"fr-FR","@id":"https:\/\/int34.ddns.net\/habitat\/#\/schema\/logo\/image\/","url":"https:\/\/habitat-ecologique.int34.fr\/wp-content\/uploads\/2022\/01\/logo.png","contentUrl":"https:\/\/habitat-ecologique.int34.fr\/wp-content\/uploads\/2022\/01\/logo.png","width":380,"height":115,"caption":"LH Diffusion - Les Habitats"},"image":{"@id":"https:\/\/int34.ddns.net\/habitat\/#\/schema\/logo\/image\/"}}]}},"_links":{"self":[{"href":"https:\/\/int34.ddns.net\/habitat\/wp-json\/wp\/v2\/pages\/26","targetHints":{"allow":["GET"]}}],"collection":[{"href":"https:\/\/int34.ddns.net\/habitat\/wp-json\/wp\/v2\/pages"}],"about":[{"href":"https:\/\/int34.ddns.net\/habitat\/wp-json\/wp\/v2\/types\/page"}],"author":[{"embeddable":true,"href":"https:\/\/int34.ddns.net\/habitat\/wp-json\/wp\/v2\/users\/1"}],"replies":[{"embeddable":true,"href":"https:\/\/int34.ddns.net\/habitat\/wp-json\/wp\/v2\/comments?post=26"}],"version-history":[{"count":52,"href":"https:\/\/int34.ddns.net\/habitat\/wp-json\/wp\/v2\/pages\/26\/revisions"}],"predecessor-version":[{"id":1017,"href":"https:\/\/int34.ddns.net\/habitat\/wp-json\/wp\/v2\/pages\/26\/revisions\/1017"}],"wp:attachment":[{"href":"https:\/\/int34.ddns.net\/habitat\/wp-json\/wp\/v2\/media?parent=26"}],"curies":[{"name":"wp","href":"https:\/\/api.w.org\/{rel}","templated":true}]}}