{"id":566,"date":"2022-01-16T13:47:43","date_gmt":"2022-01-16T12:47:43","guid":{"rendered":"https:\/\/habitat-ecologique.int34.fr\/?page_id=566"},"modified":"2022-02-27T08:36:26","modified_gmt":"2022-02-27T07:36:26","slug":"accueil","status":"publish","type":"page","link":"https:\/\/int34.ddns.net\/habitat\/","title":{"rendered":"Accueil"},"content":{"rendered":"\n\n\n\n\n\n<p style=\"font-size:initial; text-aligh:justify\">En collaboration avec les soci\u00e9t\u00e9s allemandes Vitramo, Wolff+Meier et notre partenaire autrichien Wien, tous leaders de la fabrication de radiateurs infrarouges longs et avec la soci\u00e9t\u00e9 allemande Inframagic fabricant de lampes infrarouges  carbone, magn\u00e9sium, spectre complet de grande qualit\u00e9,<\/p>\n\n\n\n\n\n<p style=\"font-size: initial;  text-aligh:justify\">La soci\u00e9t\u00e9 \u00ab\u00a0Les Habitats\u00a0\u00bb compte, depuis 13 ans, parmi les premiers importateurs de lampes et radiateurs infrarouges en France.<\/p>\n\n\n\n\n\n\n\n\n\n\n\n\n\n\n\n\n\n\n\n\n\n\n\n\n\n\n\n\n\n\n\n\n\n\n<p style=\"font-size: initial;  text-aligh:justify\">\n Notre objectif est d&rsquo;offrir des appareils de chauffage \u00e0 ondes longues les plus performants \u00e0 des prix abordables tout en essayant de faire notre part pour un avenir propre. Nous visons \u00e0 vendre un maximum de radiateurs infrarouges en France et \u00e0 les faire fonctionner avec de l&rsquo;\u00e9lectricit\u00e9 \u00e9cologique. \nNotre savoir-faire est de vous offrir du bien-\u00eatre avec les lampes infrarouges pour sauna.\n<\/p>\n\n\n<style>#btn-chaufe:hover{opacity:0.5;cursor:pointer}<\/style>\n<center><a id=\"btn-chaufe\" class=\"btn btn-primary\" style=\"background-color: green; font-size: 20px; padding: 5px 10px 5px 10px; color: #FFF; border-radius:10px\" href=\"https:\/\/habitat-ecologique.int34.fr\/qu-est-ce-que-le-chauffage-infrarouge\" title=\"Qu'est-ce que le chauffage infrarouge ?\" target=\"_SELF\" rel=\"noopener\">Qu&rsquo;est-ce que le chauffage infrarouge ?<\/a><\/center>\n\n\n<p style=\"text-align:center; font-size:initial\">Contactez nous \u00e0 l&rsquo;adresse mail suivante pour toutes questions \u00e0 <strong><a href=\"mailto:info@leshabitats.fr\">info@leshabitats.fr<\/a><\/strong><\/p>\n\n\n","protected":false},"excerpt":{"rendered":"","protected":false},"author":1,"featured_media":0,"parent":0,"menu_order":0,"comment_status":"closed","ping_status":"closed","template":"","meta":{"pagelayer_contact_templates":[],"_pagelayer_content":"","footnotes":""},"class_list":["post-566","page","type-page","status-publish","hentry"],"yoast_head":"<!-- This site is optimized with the Yoast SEO plugin v27.3 - https:\/\/yoast.com\/product\/yoast-seo-wordpress\/ -->\r\n<title>Accueil - Infradesign l&#039;infrarouge long design<\/title>\r\n<meta name=\"description\" content=\"description&quot; content=&quot;Le sp\u00e9cialiste de l\u2019infrarouge longues ondes depuis 14 ann\u00e9es, un chauffage ultra fin, des marques renomm\u00e9es : Vitramo, Wien, Wolff &amp; Meier pour les miroirs,Dr Fischer...\" \/>\r\n<meta name=\"robots\" content=\"index, follow, max-snippet:-1, max-image-preview:large, max-video-preview:-1\" \/>\r\n<link rel=\"canonical\" href=\"https:\/\/int34.ddns.net\/habitat\/\" \/>\r\n<meta property=\"og:locale\" content=\"fr_FR\" \/>\r\n<meta property=\"og:type\" content=\"article\" \/>\r\n<meta property=\"og:title\" content=\"Accueil - Infradesign l&#039;infrarouge long design\" \/>\r\n<meta property=\"og:description\" content=\"description&quot; content=&quot;Le sp\u00e9cialiste de l\u2019infrarouge longues ondes depuis 14 ann\u00e9es, un chauffage ultra fin, des marques renomm\u00e9es : Vitramo, Wien, Wolff &amp; Meier pour les miroirs,Dr Fischer...\" \/>\r\n<meta property=\"og:url\" content=\"https:\/\/int34.ddns.net\/habitat\/\" \/>\r\n<meta property=\"og:site_name\" content=\"Infradesign l&#039;infrarouge long design\" \/>\r\n<meta property=\"article:modified_time\" content=\"2022-02-27T07:36:26+00:00\" \/>\r\n<meta name=\"twitter:card\" content=\"summary_large_image\" \/>\r\n<meta name=\"twitter:label1\" content=\"Dur\u00e9e de lecture estim\u00e9e\" \/>\n\t<meta name=\"twitter:data1\" content=\"1 minute\" \/>\r\n<script type=\"application\/ld+json\" class=\"yoast-schema-graph\">{\"@context\":\"https:\\\/\\\/schema.org\",\"@graph\":[{\"@type\":\"WebPage\",\"@id\":\"https:\\\/\\\/int34.ddns.net\\\/habitat\\\/\",\"url\":\"https:\\\/\\\/int34.ddns.net\\\/habitat\\\/\",\"name\":\"Accueil - Infradesign l&#039;infrarouge long design\",\"isPartOf\":{\"@id\":\"https:\\\/\\\/int34.ddns.net\\\/habitat\\\/#website\"},\"datePublished\":\"2022-01-16T12:47:43+00:00\",\"dateModified\":\"2022-02-27T07:36:26+00:00\",\"description\":\"description\\\" content=\\\"Le sp\u00e9cialiste de l\u2019infrarouge longues ondes depuis 14 ann\u00e9es, un chauffage ultra fin, des marques renomm\u00e9es : Vitramo, Wien, Wolff & Meier pour les miroirs,Dr Fischer...\",\"breadcrumb\":{\"@id\":\"https:\\\/\\\/int34.ddns.net\\\/habitat\\\/#breadcrumb\"},\"inLanguage\":\"fr-FR\",\"potentialAction\":[{\"@type\":\"ReadAction\",\"target\":[\"https:\\\/\\\/int34.ddns.net\\\/habitat\\\/\"]}]},{\"@type\":\"BreadcrumbList\",\"@id\":\"https:\\\/\\\/int34.ddns.net\\\/habitat\\\/#breadcrumb\",\"itemListElement\":[{\"@type\":\"ListItem\",\"position\":1,\"name\":\"Accueil\",\"item\":\"https:\\\/\\\/int34.ddns.net\\\/habitat\\\/\"},{\"@type\":\"ListItem\",\"position\":2,\"name\":\"Accueil\"}]},{\"@type\":\"WebSite\",\"@id\":\"https:\\\/\\\/int34.ddns.net\\\/habitat\\\/#website\",\"url\":\"https:\\\/\\\/int34.ddns.net\\\/habitat\\\/\",\"name\":\"Infradesign l&#039;infrarouge long design\",\"description\":\"L&#039;expert de l&#039;infrarouge long, chauffage infrarouges\",\"publisher\":{\"@id\":\"https:\\\/\\\/int34.ddns.net\\\/habitat\\\/#organization\"},\"potentialAction\":[{\"@type\":\"SearchAction\",\"target\":{\"@type\":\"EntryPoint\",\"urlTemplate\":\"https:\\\/\\\/int34.ddns.net\\\/habitat\\\/?s={search_term_string}\"},\"query-input\":{\"@type\":\"PropertyValueSpecification\",\"valueRequired\":true,\"valueName\":\"search_term_string\"}}],\"inLanguage\":\"fr-FR\"},{\"@type\":\"Organization\",\"@id\":\"https:\\\/\\\/int34.ddns.net\\\/habitat\\\/#organization\",\"name\":\"LH Diffusion - Les Habitats\",\"url\":\"https:\\\/\\\/int34.ddns.net\\\/habitat\\\/\",\"logo\":{\"@type\":\"ImageObject\",\"inLanguage\":\"fr-FR\",\"@id\":\"https:\\\/\\\/int34.ddns.net\\\/habitat\\\/#\\\/schema\\\/logo\\\/image\\\/\",\"url\":\"https:\\\/\\\/habitat-ecologique.int34.fr\\\/wp-content\\\/uploads\\\/2022\\\/01\\\/logo.png\",\"contentUrl\":\"https:\\\/\\\/habitat-ecologique.int34.fr\\\/wp-content\\\/uploads\\\/2022\\\/01\\\/logo.png\",\"width\":380,\"height\":115,\"caption\":\"LH Diffusion - Les Habitats\"},\"image\":{\"@id\":\"https:\\\/\\\/int34.ddns.net\\\/habitat\\\/#\\\/schema\\\/logo\\\/image\\\/\"}}]}<\/script>\r\n<!-- \/ Yoast SEO plugin. -->","yoast_head_json":{"title":"Accueil - Infradesign l&#039;infrarouge long design","description":"description\" content=\"Le sp\u00e9cialiste de l\u2019infrarouge longues ondes depuis 14 ann\u00e9es, un chauffage ultra fin, des marques renomm\u00e9es : Vitramo, Wien, Wolff & Meier pour les miroirs,Dr Fischer...","robots":{"index":"index","follow":"follow","max-snippet":"max-snippet:-1","max-image-preview":"max-image-preview:large","max-video-preview":"max-video-preview:-1"},"canonical":"https:\/\/int34.ddns.net\/habitat\/","og_locale":"fr_FR","og_type":"article","og_title":"Accueil - Infradesign l&#039;infrarouge long design","og_description":"description\" content=\"Le sp\u00e9cialiste de l\u2019infrarouge longues ondes depuis 14 ann\u00e9es, un chauffage ultra fin, des marques renomm\u00e9es : Vitramo, Wien, Wolff & Meier pour les miroirs,Dr Fischer...","og_url":"https:\/\/int34.ddns.net\/habitat\/","og_site_name":"Infradesign l&#039;infrarouge long design","article_modified_time":"2022-02-27T07:36:26+00:00","twitter_card":"summary_large_image","twitter_misc":{"Dur\u00e9e de lecture estim\u00e9e":"1 minute"},"schema":{"@context":"https:\/\/schema.org","@graph":[{"@type":"WebPage","@id":"https:\/\/int34.ddns.net\/habitat\/","url":"https:\/\/int34.ddns.net\/habitat\/","name":"Accueil - Infradesign l&#039;infrarouge long design","isPartOf":{"@id":"https:\/\/int34.ddns.net\/habitat\/#website"},"datePublished":"2022-01-16T12:47:43+00:00","dateModified":"2022-02-27T07:36:26+00:00","description":"description\" content=\"Le sp\u00e9cialiste de l\u2019infrarouge longues ondes depuis 14 ann\u00e9es, un chauffage ultra fin, des marques renomm\u00e9es : Vitramo, Wien, Wolff & Meier pour les miroirs,Dr Fischer...","breadcrumb":{"@id":"https:\/\/int34.ddns.net\/habitat\/#breadcrumb"},"inLanguage":"fr-FR","potentialAction":[{"@type":"ReadAction","target":["https:\/\/int34.ddns.net\/habitat\/"]}]},{"@type":"BreadcrumbList","@id":"https:\/\/int34.ddns.net\/habitat\/#breadcrumb","itemListElement":[{"@type":"ListItem","position":1,"name":"Accueil","item":"https:\/\/int34.ddns.net\/habitat\/"},{"@type":"ListItem","position":2,"name":"Accueil"}]},{"@type":"WebSite","@id":"https:\/\/int34.ddns.net\/habitat\/#website","url":"https:\/\/int34.ddns.net\/habitat\/","name":"Infradesign l&#039;infrarouge long design","description":"L&#039;expert de l&#039;infrarouge long, chauffage infrarouges","publisher":{"@id":"https:\/\/int34.ddns.net\/habitat\/#organization"},"potentialAction":[{"@type":"SearchAction","target":{"@type":"EntryPoint","urlTemplate":"https:\/\/int34.ddns.net\/habitat\/?s={search_term_string}"},"query-input":{"@type":"PropertyValueSpecification","valueRequired":true,"valueName":"search_term_string"}}],"inLanguage":"fr-FR"},{"@type":"Organization","@id":"https:\/\/int34.ddns.net\/habitat\/#organization","name":"LH Diffusion - Les Habitats","url":"https:\/\/int34.ddns.net\/habitat\/","logo":{"@type":"ImageObject","inLanguage":"fr-FR","@id":"https:\/\/int34.ddns.net\/habitat\/#\/schema\/logo\/image\/","url":"https:\/\/habitat-ecologique.int34.fr\/wp-content\/uploads\/2022\/01\/logo.png","contentUrl":"https:\/\/habitat-ecologique.int34.fr\/wp-content\/uploads\/2022\/01\/logo.png","width":380,"height":115,"caption":"LH Diffusion - Les Habitats"},"image":{"@id":"https:\/\/int34.ddns.net\/habitat\/#\/schema\/logo\/image\/"}}]}},"_links":{"self":[{"href":"https:\/\/int34.ddns.net\/habitat\/wp-json\/wp\/v2\/pages\/566","targetHints":{"allow":["GET"]}}],"collection":[{"href":"https:\/\/int34.ddns.net\/habitat\/wp-json\/wp\/v2\/pages"}],"about":[{"href":"https:\/\/int34.ddns.net\/habitat\/wp-json\/wp\/v2\/types\/page"}],"author":[{"embeddable":true,"href":"https:\/\/int34.ddns.net\/habitat\/wp-json\/wp\/v2\/users\/1"}],"replies":[{"embeddable":true,"href":"https:\/\/int34.ddns.net\/habitat\/wp-json\/wp\/v2\/comments?post=566"}],"version-history":[{"count":61,"href":"https:\/\/int34.ddns.net\/habitat\/wp-json\/wp\/v2\/pages\/566\/revisions"}],"predecessor-version":[{"id":1121,"href":"https:\/\/int34.ddns.net\/habitat\/wp-json\/wp\/v2\/pages\/566\/revisions\/1121"}],"wp:attachment":[{"href":"https:\/\/int34.ddns.net\/habitat\/wp-json\/wp\/v2\/media?parent=566"}],"curies":[{"name":"wp","href":"https:\/\/api.w.org\/{rel}","templated":true}]}}