{"id":867,"date":"2022-01-19T14:13:20","date_gmt":"2022-01-19T13:13:20","guid":{"rendered":"https:\/\/habitat-ecologique.int34.fr\/?page_id=867"},"modified":"2022-01-19T18:58:34","modified_gmt":"2022-01-19T17:58:34","slug":"chauffage-de-plafond-serie-vh-vh06262","status":"publish","type":"page","link":"https:\/\/int34.ddns.net\/habitat\/chauffage-de-plafond-serie-vh-vh06262\/","title":{"rendered":"Chauffage de plafond s\u00e9rie VH (VH06262)"},"content":{"rendered":"\n\n\n\n\n\n<h4>Chauffage de plafond s\u00e9rie VH \u00e0 ins\u00e9rer dans le plafond grillag\u00e9<\/h4>\n\n\n\n\n\n\n\n<p style=\"text-align:justify\">Le mod\u00e8le VH06262 est produit comme un \u00e9l\u00e9ment en verre sans cadre dans une structure sandwich.<\/p><br>\n<p style=\"text-align:justify\">Il se compose d&rsquo;une vitre en verre ESG satin\u00e9 de 5 mm d&rsquo;\u00e9paisseur, couleur blanc RAL 9010, qui est chauff\u00e9e \u00e0 l&rsquo;arri\u00e8re par une couche chauffante qui convertit l&rsquo;\u00e9nergie \u00e9lectrique en chaleur. La couche est renforc\u00e9e de fibres de verre et noy\u00e9e dans une masse plastique. Le dos est efficacement isol\u00e9 thermiquement et compl\u00e9t\u00e9 par une couverture en aluminium qui enferme \u00e9galement les c\u00f4t\u00e9s. La temp\u00e9rature de surface maximale est de 190 \u00b0C.<\/p><br><br>\n\n\n\n\n\n\n\n\n\n\n<p style=\"text-align:justify\">Les dimensions du VH06262 correspondent exactement \u00e0 la grille de 62,5 cm d&rsquo;un plafond syst\u00e8me et peuvent \u00eatre facilement plac\u00e9s sur le profil\u00e9 en T du plafond grillag\u00e9 et\/ou plac\u00e9s dans un espace libre du plafond. Pour le raccordement au secteur, les \u00e9l\u00e9ments chauffants sont \u00e9quip\u00e9s d&rsquo;une fiche sur le couvercle de l&rsquo;appareil correspondant au c\u00e2ble fourni s\u00e9par\u00e9ment et \u00e0 la prise de raccordement. Les \u00e9l\u00e9ments chauffants sont fournis sans prise Schuko et ne peuvent donc \u00eatre install\u00e9s que par un sp\u00e9cialiste. Avec les \u00e9l\u00e9ments chauffants infrarouges de la s\u00e9rie VH, le fluide chauffant se termine 35 mm avant le bord de la vitre. \u00c9tant donn\u00e9 que le verre n&rsquo;est pas directement chauff\u00e9 dans cette zone et que le verre est un mauvais conducteur de chaleur, la temp\u00e9rature du profil en U du plafond syst\u00e8me sur lequel repose l&rsquo;\u00e9l\u00e9ment chauffant reste bien inf\u00e9rieure au maximum autoris\u00e9 de 60 Kelvin au-dessus de la temp\u00e9rature ambiante.<\/p><p><br><\/p>\n<p style=\"text-align:justify\">Pour un fonctionnement conforme \u00e0 l&rsquo;\u00e9coconception, ces \u00e9l\u00e9ments chauffants infrarouges de la s\u00e9rie VH, qui servent \u00e0 r\u00e9guler la temp\u00e9rature des pi\u00e8ces ferm\u00e9es, doivent \u00eatre \u00e9quip\u00e9s d&rsquo;une r\u00e9gulation externe de la temp\u00e9rature ambiante (voir r\u00e9gulation de la temp\u00e9rature ambiante Vitramo).<\/p>\n<p style=\"text-align:justify\">Vitramo propose diff\u00e9rentes options pour l&rsquo;installation et le montage des \u00e9l\u00e9ments chauffants afin d&rsquo;obtenir une proportion \u00e9lev\u00e9e de rayonnement.<\/p>\n\n<p style=\"text-align:justify\">Vitramo a l&rsquo;\u00e9l\u00e9ment chauffant adapt\u00e9 \u00e0 votre plafond suspendu modulaire ou grillag\u00e9 (appel\u00e9 \u00ab\u00a0plafond Odenwald\u00a0\u00bb).<\/p><br>\n<p style=\"text-align:justify\"><strong>Les dimensions courantes de ces plafonds syst\u00e8me sont<\/strong><\/p><br>\n<p>\n<\/p><li><strong>Dimensions 625 x 625 mm (Allemagne) :<\/strong><\/li>\n    \u00c9l\u00e9ment chauffant VH06262 aux dimensions 618x618x25mm 810 watts<br><br>\n<li><strong>Dimensions 600 x 600 mm (International) :<\/strong><\/li>\n    \u00c9l\u00e9ment chauffant VH06060 aux dimensions 593x593x25mm 800 watts\n<p><\/p><br>\n<p><strong>Montage<\/strong><\/p>\n<p style=\"text-align:justify\">L&rsquo;\u00e9l\u00e9ment chauffant est install\u00e9 \u00e0 une distance minimale de 180 cm du sol. Veuillez v\u00e9rifier au pr\u00e9alable la capacit\u00e9 de charge de la construction du plafond. Retirez un panneau de plafond de la grille, montez la partie prise pour le raccordement au secteur sur le c\u00e2ble secteur (voir figure 1) et \u00e9ventuellement la partie prise pour le capteur de temp\u00e9rature (voir figure 2). Ins\u00e9rez la ou les pi\u00e8ces de douille dans l&rsquo;\u00e9l\u00e9ment chauffant. Ins\u00e9rez l&rsquo;\u00e9l\u00e9ment chauffant dans l&rsquo;ouverture du plafond.<\/p><br>\n<p style=\"text-align:justify\">Connectez la partie femelle noire pour le raccordement au secteur au c\u00e2ble secteur et \u00e9ventuellement la partie femelle grise pour le capteur de temp\u00e9rature. (voir fig. 1 et 2)<\/p><br>\n\n\n\n\n\n\n\n\n\n\n\n\n<p style=\"text-align:justify\">Les \u00e9l\u00e9ments chauffants sont ins\u00e9r\u00e9s directement dans le module suspendu ou le plafond grillag\u00e9. C&rsquo;est facilement possible. \u00c9tant donn\u00e9 que les \u00e9l\u00e9ments chauffants ne chauffent que l\u00e9g\u00e8rement \u00e0 l&rsquo;avant dans la zone de la surface de contact sur le rail m\u00e9tallique, cela est possible sans aucun probl\u00e8me. Le dos de l&rsquo;\u00e9l\u00e9ment chauffant est efficacement isol\u00e9 thermiquement et est compl\u00e9t\u00e9 par un couvercle en aluminium, qui enferme \u00e9galement les c\u00f4t\u00e9s.<\/p><br>\n<p style=\"text-align:justify\">Le chauffage infrarouge dans le plafond grillag\u00e9 peut \u00eatre install\u00e9 discr\u00e8tement dans les bureaux, les b\u00e2timents commerciaux, les salles d&rsquo;exposition, les couloirs, les autorit\u00e9s et les salles de formation.<\/p><br>\n<p id=\"video\"><strong>La vid\u00e9o de montage<\/strong><\/p>\n\n\n\n\n\n\n\n\n\n\n\n\n\n\n","protected":false},"excerpt":{"rendered":"","protected":false},"author":1,"featured_media":0,"parent":0,"menu_order":0,"comment_status":"closed","ping_status":"closed","template":"","meta":{"pagelayer_contact_templates":[],"_pagelayer_content":"","footnotes":""},"class_list":["post-867","page","type-page","status-publish","hentry"],"yoast_head":"<!-- This site is optimized with the Yoast SEO plugin v27.3 - https:\/\/yoast.com\/product\/yoast-seo-wordpress\/ -->\r\n<title>Chauffage de plafond s\u00e9rie VH (VH06262) - Infradesign l&#039;infrarouge long design<\/title>\r\n<meta name=\"robots\" content=\"index, follow, max-snippet:-1, max-image-preview:large, max-video-preview:-1\" \/>\r\n<link rel=\"canonical\" href=\"https:\/\/int34.ddns.net\/habitat\/chauffage-de-plafond-serie-vh-vh06262\/\" \/>\r\n<meta property=\"og:locale\" content=\"fr_FR\" \/>\r\n<meta property=\"og:type\" content=\"article\" \/>\r\n<meta property=\"og:title\" content=\"Chauffage de plafond s\u00e9rie VH (VH06262) - Infradesign l&#039;infrarouge long design\" \/>\r\n<meta property=\"og:url\" content=\"https:\/\/int34.ddns.net\/habitat\/chauffage-de-plafond-serie-vh-vh06262\/\" \/>\r\n<meta property=\"og:site_name\" content=\"Infradesign l&#039;infrarouge long design\" \/>\r\n<meta property=\"article:modified_time\" content=\"2022-01-19T17:58:34+00:00\" \/>\r\n<meta name=\"twitter:card\" content=\"summary_large_image\" \/>\r\n<meta name=\"twitter:label1\" content=\"Dur\u00e9e de lecture estim\u00e9e\" \/>\n\t<meta name=\"twitter:data1\" content=\"3 minutes\" \/>\r\n<script type=\"application\/ld+json\" class=\"yoast-schema-graph\">{\"@context\":\"https:\\\/\\\/schema.org\",\"@graph\":[{\"@type\":\"WebPage\",\"@id\":\"https:\\\/\\\/int34.ddns.net\\\/habitat\\\/chauffage-de-plafond-serie-vh-vh06262\\\/\",\"url\":\"https:\\\/\\\/int34.ddns.net\\\/habitat\\\/chauffage-de-plafond-serie-vh-vh06262\\\/\",\"name\":\"Chauffage de plafond s\u00e9rie VH (VH06262) - Infradesign l&#039;infrarouge long design\",\"isPartOf\":{\"@id\":\"https:\\\/\\\/int34.ddns.net\\\/habitat\\\/#website\"},\"datePublished\":\"2022-01-19T13:13:20+00:00\",\"dateModified\":\"2022-01-19T17:58:34+00:00\",\"breadcrumb\":{\"@id\":\"https:\\\/\\\/int34.ddns.net\\\/habitat\\\/chauffage-de-plafond-serie-vh-vh06262\\\/#breadcrumb\"},\"inLanguage\":\"fr-FR\",\"potentialAction\":[{\"@type\":\"ReadAction\",\"target\":[\"https:\\\/\\\/int34.ddns.net\\\/habitat\\\/chauffage-de-plafond-serie-vh-vh06262\\\/\"]}]},{\"@type\":\"BreadcrumbList\",\"@id\":\"https:\\\/\\\/int34.ddns.net\\\/habitat\\\/chauffage-de-plafond-serie-vh-vh06262\\\/#breadcrumb\",\"itemListElement\":[{\"@type\":\"ListItem\",\"position\":1,\"name\":\"Accueil\",\"item\":\"https:\\\/\\\/int34.ddns.net\\\/habitat\\\/\"},{\"@type\":\"ListItem\",\"position\":2,\"name\":\"Chauffage de plafond s\u00e9rie VH (VH06262)\"}]},{\"@type\":\"WebSite\",\"@id\":\"https:\\\/\\\/int34.ddns.net\\\/habitat\\\/#website\",\"url\":\"https:\\\/\\\/int34.ddns.net\\\/habitat\\\/\",\"name\":\"Infradesign l&#039;infrarouge long design\",\"description\":\"L&#039;expert de l&#039;infrarouge long, chauffage infrarouges\",\"publisher\":{\"@id\":\"https:\\\/\\\/int34.ddns.net\\\/habitat\\\/#organization\"},\"potentialAction\":[{\"@type\":\"SearchAction\",\"target\":{\"@type\":\"EntryPoint\",\"urlTemplate\":\"https:\\\/\\\/int34.ddns.net\\\/habitat\\\/?s={search_term_string}\"},\"query-input\":{\"@type\":\"PropertyValueSpecification\",\"valueRequired\":true,\"valueName\":\"search_term_string\"}}],\"inLanguage\":\"fr-FR\"},{\"@type\":\"Organization\",\"@id\":\"https:\\\/\\\/int34.ddns.net\\\/habitat\\\/#organization\",\"name\":\"LH Diffusion - Les Habitats\",\"url\":\"https:\\\/\\\/int34.ddns.net\\\/habitat\\\/\",\"logo\":{\"@type\":\"ImageObject\",\"inLanguage\":\"fr-FR\",\"@id\":\"https:\\\/\\\/int34.ddns.net\\\/habitat\\\/#\\\/schema\\\/logo\\\/image\\\/\",\"url\":\"https:\\\/\\\/habitat-ecologique.int34.fr\\\/wp-content\\\/uploads\\\/2022\\\/01\\\/logo.png\",\"contentUrl\":\"https:\\\/\\\/habitat-ecologique.int34.fr\\\/wp-content\\\/uploads\\\/2022\\\/01\\\/logo.png\",\"width\":380,\"height\":115,\"caption\":\"LH Diffusion - Les Habitats\"},\"image\":{\"@id\":\"https:\\\/\\\/int34.ddns.net\\\/habitat\\\/#\\\/schema\\\/logo\\\/image\\\/\"}}]}<\/script>\r\n<!-- \/ Yoast SEO plugin. -->","yoast_head_json":{"title":"Chauffage de plafond s\u00e9rie VH (VH06262) - Infradesign l&#039;infrarouge long design","robots":{"index":"index","follow":"follow","max-snippet":"max-snippet:-1","max-image-preview":"max-image-preview:large","max-video-preview":"max-video-preview:-1"},"canonical":"https:\/\/int34.ddns.net\/habitat\/chauffage-de-plafond-serie-vh-vh06262\/","og_locale":"fr_FR","og_type":"article","og_title":"Chauffage de plafond s\u00e9rie VH (VH06262) - Infradesign l&#039;infrarouge long design","og_url":"https:\/\/int34.ddns.net\/habitat\/chauffage-de-plafond-serie-vh-vh06262\/","og_site_name":"Infradesign l&#039;infrarouge long design","article_modified_time":"2022-01-19T17:58:34+00:00","twitter_card":"summary_large_image","twitter_misc":{"Dur\u00e9e de lecture estim\u00e9e":"3 minutes"},"schema":{"@context":"https:\/\/schema.org","@graph":[{"@type":"WebPage","@id":"https:\/\/int34.ddns.net\/habitat\/chauffage-de-plafond-serie-vh-vh06262\/","url":"https:\/\/int34.ddns.net\/habitat\/chauffage-de-plafond-serie-vh-vh06262\/","name":"Chauffage de plafond s\u00e9rie VH (VH06262) - Infradesign l&#039;infrarouge long design","isPartOf":{"@id":"https:\/\/int34.ddns.net\/habitat\/#website"},"datePublished":"2022-01-19T13:13:20+00:00","dateModified":"2022-01-19T17:58:34+00:00","breadcrumb":{"@id":"https:\/\/int34.ddns.net\/habitat\/chauffage-de-plafond-serie-vh-vh06262\/#breadcrumb"},"inLanguage":"fr-FR","potentialAction":[{"@type":"ReadAction","target":["https:\/\/int34.ddns.net\/habitat\/chauffage-de-plafond-serie-vh-vh06262\/"]}]},{"@type":"BreadcrumbList","@id":"https:\/\/int34.ddns.net\/habitat\/chauffage-de-plafond-serie-vh-vh06262\/#breadcrumb","itemListElement":[{"@type":"ListItem","position":1,"name":"Accueil","item":"https:\/\/int34.ddns.net\/habitat\/"},{"@type":"ListItem","position":2,"name":"Chauffage de plafond s\u00e9rie VH (VH06262)"}]},{"@type":"WebSite","@id":"https:\/\/int34.ddns.net\/habitat\/#website","url":"https:\/\/int34.ddns.net\/habitat\/","name":"Infradesign l&#039;infrarouge long design","description":"L&#039;expert de l&#039;infrarouge long, chauffage infrarouges","publisher":{"@id":"https:\/\/int34.ddns.net\/habitat\/#organization"},"potentialAction":[{"@type":"SearchAction","target":{"@type":"EntryPoint","urlTemplate":"https:\/\/int34.ddns.net\/habitat\/?s={search_term_string}"},"query-input":{"@type":"PropertyValueSpecification","valueRequired":true,"valueName":"search_term_string"}}],"inLanguage":"fr-FR"},{"@type":"Organization","@id":"https:\/\/int34.ddns.net\/habitat\/#organization","name":"LH Diffusion - Les Habitats","url":"https:\/\/int34.ddns.net\/habitat\/","logo":{"@type":"ImageObject","inLanguage":"fr-FR","@id":"https:\/\/int34.ddns.net\/habitat\/#\/schema\/logo\/image\/","url":"https:\/\/habitat-ecologique.int34.fr\/wp-content\/uploads\/2022\/01\/logo.png","contentUrl":"https:\/\/habitat-ecologique.int34.fr\/wp-content\/uploads\/2022\/01\/logo.png","width":380,"height":115,"caption":"LH Diffusion - Les Habitats"},"image":{"@id":"https:\/\/int34.ddns.net\/habitat\/#\/schema\/logo\/image\/"}}]}},"_links":{"self":[{"href":"https:\/\/int34.ddns.net\/habitat\/wp-json\/wp\/v2\/pages\/867","targetHints":{"allow":["GET"]}}],"collection":[{"href":"https:\/\/int34.ddns.net\/habitat\/wp-json\/wp\/v2\/pages"}],"about":[{"href":"https:\/\/int34.ddns.net\/habitat\/wp-json\/wp\/v2\/types\/page"}],"author":[{"embeddable":true,"href":"https:\/\/int34.ddns.net\/habitat\/wp-json\/wp\/v2\/users\/1"}],"replies":[{"embeddable":true,"href":"https:\/\/int34.ddns.net\/habitat\/wp-json\/wp\/v2\/comments?post=867"}],"version-history":[{"count":16,"href":"https:\/\/int34.ddns.net\/habitat\/wp-json\/wp\/v2\/pages\/867\/revisions"}],"predecessor-version":[{"id":945,"href":"https:\/\/int34.ddns.net\/habitat\/wp-json\/wp\/v2\/pages\/867\/revisions\/945"}],"wp:attachment":[{"href":"https:\/\/int34.ddns.net\/habitat\/wp-json\/wp\/v2\/media?parent=867"}],"curies":[{"name":"wp","href":"https:\/\/api.w.org\/{rel}","templated":true}]}}