{"id":921,"date":"2022-01-19T17:41:35","date_gmt":"2022-01-19T16:41:35","guid":{"rendered":"https:\/\/habitat-ecologique.int34.fr\/?page_id=921"},"modified":"2022-01-19T17:52:57","modified_gmt":"2022-01-19T16:52:57","slug":"radiateurs-de-la-serie-vh-ib-pour-installation-dans-le-plafond","status":"publish","type":"page","link":"https:\/\/int34.ddns.net\/habitat\/radiateurs-de-la-serie-vh-ib-pour-installation-dans-le-plafond\/","title":{"rendered":"Radiateurs de la s\u00e9rie VH-IB pour installation dans le plafond"},"content":{"rendered":"\n\n\n\n\n\n<h4>Radiateurs de la s\u00e9rie VH-IB pour installation dans le plafond<\/h4>\n\n\n\n\n\n<p style=\"text-align: justify\"><strong>Les \u00e9l\u00e9ments chauffants de plafond de la s\u00e9rie VH-IB sont fabriqu\u00e9s sous forme d&rsquo;\u00e9l\u00e9ments en verre sans cadre dans une structure sandwich.<\/strong><\/p>\n\n\n\n\n<p style=\"text-align: justify\">La temp\u00e9rature de surface maximale est de 190 \u00b0C.<\/p><br \/>\n<p style=\"text-align: justify\">Les \u00e9l\u00e9ments chauffants de la s\u00e9rie VH-IB sont destin\u00e9s \u00e0 \u00eatre install\u00e9s dans le plafond en b\u00e9ton. Ils se composent du bo\u00eetier d&rsquo;installation VZ-EG en t\u00f4le galvanis\u00e9e \u00e0 ins\u00e9rer dans un plafond en b\u00e9ton semi-fini et d&rsquo;un \u00e9l\u00e9ment en verre VH-IB sans cadre et int\u00e9grable. Le bo\u00eetier d&rsquo;installation VZ-EG et l&rsquo;\u00e9l\u00e9ment chauffant en verre correspondant VH-IB peuvent \u00eatre command\u00e9s s\u00e9par\u00e9ment (selon l&rsquo;avancement de la construction).<\/p><br \/>\n<p style=\"text-align: justify\">Les \u00e9l\u00e9ments chauffants sont livr\u00e9s sans fiche secteur et sont \u00e9quip\u00e9s d&rsquo;un c\u00e2ble de raccordement en silicone. Ils ne peuvent \u00eatre install\u00e9s que par un sp\u00e9cialiste.<\/p><br \/>\n<p style=\"text-align: justify\">Utilisation stationnaire, pour le contr\u00f4le de la temp\u00e9rature dans des pi\u00e8ces ferm\u00e9es d&rsquo;une hauteur maximale de 4 m, de pr\u00e9f\u00e9rence dans l&rsquo;environnement de vie et de travail. Pour un fonctionnement conforme \u00e0 l&rsquo;\u00e9coconception, ces \u00e9l\u00e9ments chauffants infrarouges de la s\u00e9rie VH-IB, qui servent \u00e0 r\u00e9guler la temp\u00e9rature de pi\u00e8ces ferm\u00e9es, doivent \u00eatre \u00e9quip\u00e9s d&rsquo;une r\u00e9gulation externe de la temp\u00e9rature ambiante (voir r\u00e9gulation de la temp\u00e9rature ambiante Vitramo).\n\n\n\n\n\n\n\n\n\n\n\n\n","protected":false},"excerpt":{"rendered":"","protected":false},"author":1,"featured_media":0,"parent":0,"menu_order":0,"comment_status":"closed","ping_status":"closed","template":"","meta":{"pagelayer_contact_templates":[],"_pagelayer_content":"","footnotes":""},"class_list":["post-921","page","type-page","status-publish","hentry"],"yoast_head":"<!-- This site is optimized with the Yoast SEO plugin v27.3 - https:\/\/yoast.com\/product\/yoast-seo-wordpress\/ -->\r\n<title>Radiateurs de la s\u00e9rie VH-IB pour installation dans le plafond - Infradesign l&#039;infrarouge long design<\/title>\r\n<meta name=\"robots\" content=\"index, follow, max-snippet:-1, max-image-preview:large, max-video-preview:-1\" \/>\r\n<link rel=\"canonical\" href=\"https:\/\/int34.ddns.net\/habitat\/radiateurs-de-la-serie-vh-ib-pour-installation-dans-le-plafond\/\" \/>\r\n<meta property=\"og:locale\" content=\"fr_FR\" \/>\r\n<meta property=\"og:type\" content=\"article\" \/>\r\n<meta property=\"og:title\" content=\"Radiateurs de la s\u00e9rie VH-IB pour installation dans le plafond - Infradesign l&#039;infrarouge long design\" \/>\r\n<meta property=\"og:url\" content=\"https:\/\/int34.ddns.net\/habitat\/radiateurs-de-la-serie-vh-ib-pour-installation-dans-le-plafond\/\" \/>\r\n<meta property=\"og:site_name\" content=\"Infradesign l&#039;infrarouge long design\" \/>\r\n<meta property=\"article:modified_time\" content=\"2022-01-19T16:52:57+00:00\" \/>\r\n<meta name=\"twitter:card\" content=\"summary_large_image\" \/>\r\n<meta name=\"twitter:label1\" content=\"Dur\u00e9e de lecture estim\u00e9e\" \/>\n\t<meta name=\"twitter:data1\" content=\"1 minute\" \/>\r\n<script type=\"application\/ld+json\" class=\"yoast-schema-graph\">{\"@context\":\"https:\\\/\\\/schema.org\",\"@graph\":[{\"@type\":\"WebPage\",\"@id\":\"https:\\\/\\\/int34.ddns.net\\\/habitat\\\/radiateurs-de-la-serie-vh-ib-pour-installation-dans-le-plafond\\\/\",\"url\":\"https:\\\/\\\/int34.ddns.net\\\/habitat\\\/radiateurs-de-la-serie-vh-ib-pour-installation-dans-le-plafond\\\/\",\"name\":\"Radiateurs de la s\u00e9rie VH-IB pour installation dans le plafond - Infradesign l&#039;infrarouge long design\",\"isPartOf\":{\"@id\":\"https:\\\/\\\/int34.ddns.net\\\/habitat\\\/#website\"},\"datePublished\":\"2022-01-19T16:41:35+00:00\",\"dateModified\":\"2022-01-19T16:52:57+00:00\",\"breadcrumb\":{\"@id\":\"https:\\\/\\\/int34.ddns.net\\\/habitat\\\/radiateurs-de-la-serie-vh-ib-pour-installation-dans-le-plafond\\\/#breadcrumb\"},\"inLanguage\":\"fr-FR\",\"potentialAction\":[{\"@type\":\"ReadAction\",\"target\":[\"https:\\\/\\\/int34.ddns.net\\\/habitat\\\/radiateurs-de-la-serie-vh-ib-pour-installation-dans-le-plafond\\\/\"]}]},{\"@type\":\"BreadcrumbList\",\"@id\":\"https:\\\/\\\/int34.ddns.net\\\/habitat\\\/radiateurs-de-la-serie-vh-ib-pour-installation-dans-le-plafond\\\/#breadcrumb\",\"itemListElement\":[{\"@type\":\"ListItem\",\"position\":1,\"name\":\"Accueil\",\"item\":\"https:\\\/\\\/int34.ddns.net\\\/habitat\\\/\"},{\"@type\":\"ListItem\",\"position\":2,\"name\":\"Radiateurs de la s\u00e9rie VH-IB pour installation dans le plafond\"}]},{\"@type\":\"WebSite\",\"@id\":\"https:\\\/\\\/int34.ddns.net\\\/habitat\\\/#website\",\"url\":\"https:\\\/\\\/int34.ddns.net\\\/habitat\\\/\",\"name\":\"Infradesign l&#039;infrarouge long design\",\"description\":\"L&#039;expert de l&#039;infrarouge long, chauffage infrarouges\",\"publisher\":{\"@id\":\"https:\\\/\\\/int34.ddns.net\\\/habitat\\\/#organization\"},\"potentialAction\":[{\"@type\":\"SearchAction\",\"target\":{\"@type\":\"EntryPoint\",\"urlTemplate\":\"https:\\\/\\\/int34.ddns.net\\\/habitat\\\/?s={search_term_string}\"},\"query-input\":{\"@type\":\"PropertyValueSpecification\",\"valueRequired\":true,\"valueName\":\"search_term_string\"}}],\"inLanguage\":\"fr-FR\"},{\"@type\":\"Organization\",\"@id\":\"https:\\\/\\\/int34.ddns.net\\\/habitat\\\/#organization\",\"name\":\"LH Diffusion - Les Habitats\",\"url\":\"https:\\\/\\\/int34.ddns.net\\\/habitat\\\/\",\"logo\":{\"@type\":\"ImageObject\",\"inLanguage\":\"fr-FR\",\"@id\":\"https:\\\/\\\/int34.ddns.net\\\/habitat\\\/#\\\/schema\\\/logo\\\/image\\\/\",\"url\":\"https:\\\/\\\/habitat-ecologique.int34.fr\\\/wp-content\\\/uploads\\\/2022\\\/01\\\/logo.png\",\"contentUrl\":\"https:\\\/\\\/habitat-ecologique.int34.fr\\\/wp-content\\\/uploads\\\/2022\\\/01\\\/logo.png\",\"width\":380,\"height\":115,\"caption\":\"LH Diffusion - Les Habitats\"},\"image\":{\"@id\":\"https:\\\/\\\/int34.ddns.net\\\/habitat\\\/#\\\/schema\\\/logo\\\/image\\\/\"}}]}<\/script>\r\n<!-- \/ Yoast SEO plugin. -->","yoast_head_json":{"title":"Radiateurs de la s\u00e9rie VH-IB pour installation dans le plafond - Infradesign l&#039;infrarouge long design","robots":{"index":"index","follow":"follow","max-snippet":"max-snippet:-1","max-image-preview":"max-image-preview:large","max-video-preview":"max-video-preview:-1"},"canonical":"https:\/\/int34.ddns.net\/habitat\/radiateurs-de-la-serie-vh-ib-pour-installation-dans-le-plafond\/","og_locale":"fr_FR","og_type":"article","og_title":"Radiateurs de la s\u00e9rie VH-IB pour installation dans le plafond - Infradesign l&#039;infrarouge long design","og_url":"https:\/\/int34.ddns.net\/habitat\/radiateurs-de-la-serie-vh-ib-pour-installation-dans-le-plafond\/","og_site_name":"Infradesign l&#039;infrarouge long design","article_modified_time":"2022-01-19T16:52:57+00:00","twitter_card":"summary_large_image","twitter_misc":{"Dur\u00e9e de lecture estim\u00e9e":"1 minute"},"schema":{"@context":"https:\/\/schema.org","@graph":[{"@type":"WebPage","@id":"https:\/\/int34.ddns.net\/habitat\/radiateurs-de-la-serie-vh-ib-pour-installation-dans-le-plafond\/","url":"https:\/\/int34.ddns.net\/habitat\/radiateurs-de-la-serie-vh-ib-pour-installation-dans-le-plafond\/","name":"Radiateurs de la s\u00e9rie VH-IB pour installation dans le plafond - Infradesign l&#039;infrarouge long design","isPartOf":{"@id":"https:\/\/int34.ddns.net\/habitat\/#website"},"datePublished":"2022-01-19T16:41:35+00:00","dateModified":"2022-01-19T16:52:57+00:00","breadcrumb":{"@id":"https:\/\/int34.ddns.net\/habitat\/radiateurs-de-la-serie-vh-ib-pour-installation-dans-le-plafond\/#breadcrumb"},"inLanguage":"fr-FR","potentialAction":[{"@type":"ReadAction","target":["https:\/\/int34.ddns.net\/habitat\/radiateurs-de-la-serie-vh-ib-pour-installation-dans-le-plafond\/"]}]},{"@type":"BreadcrumbList","@id":"https:\/\/int34.ddns.net\/habitat\/radiateurs-de-la-serie-vh-ib-pour-installation-dans-le-plafond\/#breadcrumb","itemListElement":[{"@type":"ListItem","position":1,"name":"Accueil","item":"https:\/\/int34.ddns.net\/habitat\/"},{"@type":"ListItem","position":2,"name":"Radiateurs de la s\u00e9rie VH-IB pour installation dans le plafond"}]},{"@type":"WebSite","@id":"https:\/\/int34.ddns.net\/habitat\/#website","url":"https:\/\/int34.ddns.net\/habitat\/","name":"Infradesign l&#039;infrarouge long design","description":"L&#039;expert de l&#039;infrarouge long, chauffage infrarouges","publisher":{"@id":"https:\/\/int34.ddns.net\/habitat\/#organization"},"potentialAction":[{"@type":"SearchAction","target":{"@type":"EntryPoint","urlTemplate":"https:\/\/int34.ddns.net\/habitat\/?s={search_term_string}"},"query-input":{"@type":"PropertyValueSpecification","valueRequired":true,"valueName":"search_term_string"}}],"inLanguage":"fr-FR"},{"@type":"Organization","@id":"https:\/\/int34.ddns.net\/habitat\/#organization","name":"LH Diffusion - Les Habitats","url":"https:\/\/int34.ddns.net\/habitat\/","logo":{"@type":"ImageObject","inLanguage":"fr-FR","@id":"https:\/\/int34.ddns.net\/habitat\/#\/schema\/logo\/image\/","url":"https:\/\/habitat-ecologique.int34.fr\/wp-content\/uploads\/2022\/01\/logo.png","contentUrl":"https:\/\/habitat-ecologique.int34.fr\/wp-content\/uploads\/2022\/01\/logo.png","width":380,"height":115,"caption":"LH Diffusion - Les Habitats"},"image":{"@id":"https:\/\/int34.ddns.net\/habitat\/#\/schema\/logo\/image\/"}}]}},"_links":{"self":[{"href":"https:\/\/int34.ddns.net\/habitat\/wp-json\/wp\/v2\/pages\/921","targetHints":{"allow":["GET"]}}],"collection":[{"href":"https:\/\/int34.ddns.net\/habitat\/wp-json\/wp\/v2\/pages"}],"about":[{"href":"https:\/\/int34.ddns.net\/habitat\/wp-json\/wp\/v2\/types\/page"}],"author":[{"embeddable":true,"href":"https:\/\/int34.ddns.net\/habitat\/wp-json\/wp\/v2\/users\/1"}],"replies":[{"embeddable":true,"href":"https:\/\/int34.ddns.net\/habitat\/wp-json\/wp\/v2\/comments?post=921"}],"version-history":[{"count":6,"href":"https:\/\/int34.ddns.net\/habitat\/wp-json\/wp\/v2\/pages\/921\/revisions"}],"predecessor-version":[{"id":927,"href":"https:\/\/int34.ddns.net\/habitat\/wp-json\/wp\/v2\/pages\/921\/revisions\/927"}],"wp:attachment":[{"href":"https:\/\/int34.ddns.net\/habitat\/wp-json\/wp\/v2\/media?parent=921"}],"curies":[{"name":"wp","href":"https:\/\/api.w.org\/{rel}","templated":true}]}}